{"id":4217,"date":"2016-06-15T14:21:25","date_gmt":"2016-06-15T12:21:25","guid":{"rendered":"http:\/\/www.bbfrances.com\/?page_id=4217"},"modified":"2022-07-29T21:33:02","modified_gmt":"2022-07-29T19:33:02","slug":"landingpage","status":"publish","type":"page","link":"https:\/\/www.bbfrances.com\/","title":{"rendered":"Landingpage"},"content":{"rendered":"<section class=\"l-section wpb_row height_full width_full\" id=\"home\" style=\"padding-bottom: 70px !important;\"><div class=\"l-section-h i-cf\"><div class=\"g-cols offset_small\"><div class=\"vc_col-sm-12 wpb_column vc_column_container\"><div class=\"vc_column-inner\">[vc_empty_space height=&#187;50px&#187;]<div class=\"w-image align_center\"><div class=\"us-frame\"><a href=\"http:\/\/www.bbfrances.com\/#song\" title=\"\" target=\"\" rel=\"\"><img width=\"800\" height=\"800\" src=\"https:\/\/www.bbfrances.com\/bbf\/wp-content\/uploads\/2016\/10\/logoweb.jpg\" class=\"attachment-full size-full\" alt=\"\" loading=\"lazy\" srcset=\"https:\/\/www.bbfrances.com\/bbf\/wp-content\/uploads\/2016\/10\/logoweb.jpg 800w, https:\/\/www.bbfrances.com\/bbf\/wp-content\/uploads\/2016\/10\/logoweb-150x150.jpg 150w, https:\/\/www.bbfrances.com\/bbf\/wp-content\/uploads\/2016\/10\/logoweb-300x300.jpg 300w, https:\/\/www.bbfrances.com\/bbf\/wp-content\/uploads\/2016\/10\/logoweb-768x768.jpg 768w, https:\/\/www.bbfrances.com\/bbf\/wp-content\/uploads\/2016\/10\/logoweb-600x600.jpg 600w, https:\/\/www.bbfrances.com\/bbf\/wp-content\/uploads\/2016\/10\/logoweb-350x350.jpg 350w\" sizes=\"(max-width: 800px) 100vw, 800px\" \/><\/a><\/div><\/div><div class=\"g-cols wpb_row offset_small vc_inner \"><div class=\"vc_col-sm-12 vc_hidden-xs wpb_column vc_column_container\"><div class=\"vc_column-inner\">[vc_empty_space height=&#187;250px&#187;]<\/div><\/div><\/div><\/div><\/div><\/div><\/div><\/section><section class=\"l-section wpb_row height_auto\" id=\"song\"><div class=\"l-section-h i-cf\"><div class=\"g-cols offset_small\"><div class=\"vc_col-sm-6 wpb_column vc_column_container\"><div class=\"vc_column-inner\">[vc_empty_space height=&#187;50px&#187;]<div class=\"wpb_text_column \"><div class=\"wpb_wrapper\">\n<h1 class=\"letter-spacing\"><strong>BBFRANCES<\/strong><span style=\"color: #ef7884;\"><sup>\u2022<\/sup><\/span><strong><span class=\"highlight highlight_primary\"><br \/>\n<\/span><\/strong><\/h1>\n<h2><strong>5 WORT, DIS LIED<\/strong><strong><span class=\"highlight highlight_primary\"><br \/>\n<\/span><\/strong><\/h2>\n<\/div> <\/div> <div class=\"wpb_text_column \"><div class=\"wpb_wrapper\"><p>Ich singe Dir dein Lied mit 5 Worten!<\/p>\n<p>Jeder Song ist ein liebevolles und handgemachtes Unikat, welches aus dem Moment entsteht. Eine einmalige Kreation f\u00fcr Dich, deine Liebsten oder f\u00fcr besondere Menschen in deinem Leben.\u00a0Schenke Musik die ber\u00fchrt, unvergesslich und vor allem pers\u00f6nlich ist.<\/p>\n<p>Ich freue mich \u00fcber deine 5 Worte!<\/p><\/div> <\/div> [vc_empty_space height=&#187;50px&#187;]<div class=\"w-btn-wrapper align_left\"><a class=\"w-btn style_outlined color_primary icon_none ghostButton\" href=\"http:\/\/www.bbfrances.com\/?page_id=4090\" title=\"Bstell din Song jetzt!\"><span class=\"w-btn-label\">Bestelle deinen Song Jetzt<\/span><\/a><\/div><\/div><\/div><div class=\"vc_col-sm-6 wpb_column vc_column_container\"><div class=\"vc_column-inner\"><div class=\"w-image align_center vc_custom_1659123165774\"><div class=\"us-frame\"><a href=\"https:\/\/www.bbfrances.com\/bbf\/wp-content\/uploads\/2022\/07\/bbf_press_1_cmyk.jpg\" ref=\"magnificPopup\"><img width=\"1024\" height=\"682\" src=\"https:\/\/www.bbfrances.com\/bbf\/wp-content\/uploads\/2022\/07\/bbf_press_1_cmyk-1024x682.jpg\" class=\"attachment-large size-large\" alt=\"\" loading=\"lazy\" srcset=\"https:\/\/www.bbfrances.com\/bbf\/wp-content\/uploads\/2022\/07\/bbf_press_1_cmyk-1024x682.jpg 1024w, https:\/\/www.bbfrances.com\/bbf\/wp-content\/uploads\/2022\/07\/bbf_press_1_cmyk-300x200.jpg 300w, https:\/\/www.bbfrances.com\/bbf\/wp-content\/uploads\/2022\/07\/bbf_press_1_cmyk-768x512.jpg 768w, https:\/\/www.bbfrances.com\/bbf\/wp-content\/uploads\/2022\/07\/bbf_press_1_cmyk-600x400.jpg 600w, https:\/\/www.bbfrances.com\/bbf\/wp-content\/uploads\/2022\/07\/bbf_press_1_cmyk.jpg 1280w\" sizes=\"(max-width: 1024px) 100vw, 1024px\" \/><\/a><\/div><\/div><\/div><\/div><\/div><\/div><\/section><section class=\"l-section wpb_row height_medium\" id=\"about\"><div class=\"l-section-h i-cf\"><div class=\"g-cols offset_small\"><div class=\"vc_col-sm-12 wpb_column vc_column_container\"><div class=\"vc_column-inner\"><div class=\"g-cols wpb_row offset_small vc_inner \"><div class=\"vc_col-sm-6 vc_hidden-xs wpb_column vc_column_container\"><div class=\"vc_column-inner\"><div class=\"w-image align_left\"><div class=\"us-frame\"><img width=\"497\" height=\"569\" src=\"https:\/\/www.bbfrances.com\/bbf\/wp-content\/uploads\/2016\/06\/2.jpg\" class=\"attachment-full size-full\" alt=\"\" loading=\"lazy\" srcset=\"https:\/\/www.bbfrances.com\/bbf\/wp-content\/uploads\/2016\/06\/2.jpg 497w, https:\/\/www.bbfrances.com\/bbf\/wp-content\/uploads\/2016\/06\/2-262x300.jpg 262w\" sizes=\"(max-width: 497px) 100vw, 497px\" \/><\/div><\/div><\/div><\/div><div class=\"vc_col-sm-6 wpb_column vc_column_container\"><div class=\"vc_column-inner\">[vc_empty_space height=&#187;60px&#187;]<div class=\"wpb_text_column \"><div class=\"wpb_wrapper\">\n<h1 class=\"jeles\" style=\"text-align: center;\"><span style=\"color: #ef7884;\">\u00ab<\/span> Dis pers\u00f6nliche Lied direkt id Stube hei\u00a0<span style=\"color: #ef7884;\">\u00bb<\/span><\/h1>\n<\/div> <\/div> [vc_empty_space height=&#187;100px&#187;]<div class=\"wpb_text_column \"><div class=\"wpb_wrapper\">\n<h2 class=\"letter-spacing\"><strong>\u00dcBER MICH<\/strong> <span style=\"color: #ef7884;\"><sup>\u2022<\/sup><\/span><strong><span class=\"highlight highlight_primary\"><br \/>\n<\/span><\/strong><\/h2>\n<\/div> <\/div> <div class=\"wpb_text_column \"><div class=\"wpb_wrapper\"><b>\u00dcber mich<\/b><\/p>\n<p>Singen geh\u00f6rte schon immer zu meiner grossen Leidenschaft und seit ich 9 Jahre alt bin, begleitet mich auch meine Gitarre wie eine beste Freundin auf meinem Lebensweg.<\/p>\n<p>Eigene Songs zu schreiben, ist der Ausdruck meiner Seele und ich vermag meinem Herzen eine Stimme geben. Diese Authenitizit\u00e4t ber\u00fchrte meine Zuh\u00f6rer*innen \u00fcberall und spornte mich an als Musikerin unter dem Namen BBFrances aufzutreten. Seit 2002 war ich auf mehr oder weniger kleinen B\u00fchnen unterwegs und mein grosser Traum wurde wahr, als ich die ganz grosse B\u00fchne am Open Air St. Gallen (2006) besingen durfte. Was f\u00fcr ein unvergessliches Ereignis!<span class=\"Apple-converted-space\">\u00a0<\/span><\/p>\n<p>Genau so ber\u00fchrt hat mich der Moment, als ich mein Album pureness in den H\u00e4nden hielt, mit dem ich viele Konzerte im In- und Ausland geben und das Tourleben so richtig erfahren durfte.\u00a0Hier findest Du mein Album<span style=\"color: #ef7884;\"><strong>\u00a0\u00ab<a style=\"color: #ef7884;\" href=\"http:\/\/www.bbfrances.com\/?page_id=3991\">pureness<\/a>\u00bb<\/strong><\/span>.<\/p>\n<p>Nach turbulenten Jahren und einem weiteren Highlight mit der Ver\u00f6ffentlichung des gemeinsamen Songs mit Bligg \u2018Search 4 Love\u2019, zog es mich jedoch in die Stille. Eine Pause war n\u00f6tig.<\/p>\n<p>In dieser Zeit durfte ich meinen wundervollen Sohn zur Welt bringen und gemeinsam bestreiten wir die T\u00fccken des Lebens mit viel Liebe, Humor und Musik.<\/p>\n<p>Da die Stimme meines Herzen schon immer Musik ist, bin ich nun zur\u00fcck mit meinem neuen Projekt \u00a0<span style=\"color: #ef7884;\"><strong><a style=\"color: #ef7884;\" href=\"http:\/\/www.bbfrances.com\/#song\">\u00ab5 Wort \u2013 Dis Lied<\/a><a style=\"color: #ef7884;\" href=\"http:\/\/www.bbfrances.com\/#song\">\u00bb<\/a><\/strong><\/span>. Es erf\u00fcllt mich zutiefst, meine wunderbaren Talente, meine Erfahrungen und Kompetenzen als Singer- Songwriter nun Dir anbieten zu d\u00fcrfen. So, dass auch deine Geschichte mit Musik erz\u00e4hlt werden kann.<\/div> <\/div> <\/div><\/div><\/div><div class=\"g-cols wpb_row offset_small vc_inner \"><div class=\"vc_col-sm-12 vc_hidden-lg vc_hidden-md vc_hidden-sm wpb_column vc_column_container\"><div class=\"vc_column-inner\"><div class=\"w-image align_left\"><div class=\"us-frame\"><img width=\"497\" height=\"569\" src=\"https:\/\/www.bbfrances.com\/bbf\/wp-content\/uploads\/2016\/06\/2.jpg\" class=\"attachment-full size-full\" alt=\"\" loading=\"lazy\" srcset=\"https:\/\/www.bbfrances.com\/bbf\/wp-content\/uploads\/2016\/06\/2.jpg 497w, https:\/\/www.bbfrances.com\/bbf\/wp-content\/uploads\/2016\/06\/2-262x300.jpg 262w\" sizes=\"(max-width: 497px) 100vw, 497px\" \/><\/div><\/div><\/div><\/div><\/div><\/div><\/div><\/div><\/div><\/section><section class=\"l-section wpb_row height_auto\" id=\"blog\"><div class=\"l-section-h i-cf\"><div class=\"g-cols offset_small\"><div class=\"vc_col-sm-12 wpb_column vc_column_container animate_afb\"><div class=\"vc_column-inner\">[vc_empty_space height=&#187;50px&#187;]<div class=\"wpb_text_column \"><div class=\"wpb_wrapper\">\n<h2 class=\"letter-spacing\"><strong>BLOG<\/strong> <span style=\"color: #ff6699;\"><sup>\u2022<\/sup><\/span><strong><span class=\"highlight highlight_primary\"><br \/>\n<\/span><\/strong><\/h2>\n<\/div> <\/div> <div class=\"w-blog layout_latest cols_2\" itemscope=\"itemscope\" itemtype=\"https:\/\/schema.org\/Blog\"><div class=\"w-blog-list\">\r\n\r\n<article class=\"w-blog-post allgemein post-6481 post type-post status-publish format-standard sticky hentry category-allgemein tag-bbfrances tag-swissvoicetour\" data-id=\"6481\" data-categories=\"allgemein\">\r\n\t<div class=\"w-blog-post-h\">\r\n\t\t<div class=\"w-blog-post-body\">\r\n\t\t\t<h2 class=\"w-blog-post-title\">\r\n\t\t\t\t<a class=\"entry-title\" rel=\"bookmark\" href=\"https:\/\/www.bbfrances.com\/?p=6481\">Mein K\u00fcnstler-Herz will nach Montreux<\/a>\r\n\t\t\t<\/h2>\r\n\t\t\t<div class=\"w-blog-post-meta\">\r\n\t\t\t\t<time class=\"w-blog-post-meta-date date updated\"><span class=\"w-blog-post-meta-date-month\">Sep<\/span><span class=\"w-blog-post-meta-date-day\">10<\/span><span class=\"w-blog-post-meta-date-year\">2025<\/span><\/time><span class=\"w-blog-post-meta-author vcard author hidden\"><a href=\"https:\/\/www.bbfrances.com\/?author=3\" class=\"fn\">Franziska Berger<\/a><\/span>\t\t\t<\/div>\r\n\t\t\t<div class=\"w-blog-post-content\">\r\n\t\t\t\t<p>&#171;Ah, ja?!&#8230; Dann mach ich doch bei der Swiss Voice Tour 2025 mit und gewinne da vielleicht den Hauptpreis, n\u00e4mlich einen Song in den Hana Road Studios in Montreux aufnehmen?! Stell Dir vor, Du k\u00f6nntest ein kleines Bisschen von dem hierzulande wohl wertvollsten Sternenstaub einatmen d\u00fcrfen, der sich rund um das gigantischen Lebenswerk von Claude&#8230;<\/p>\n\t\t\t<\/div>\r\n\t\t<\/div>\r\n\t<\/div>\r\n<\/article>\r\n\r\n\r\n\r\n<article class=\"w-blog-post allgemein post-5619 post type-post status-publish format-standard hentry category-allgemein\" data-id=\"5619\" data-categories=\"allgemein\">\r\n\t<div class=\"w-blog-post-h\">\r\n\t\t<div class=\"w-blog-post-body\">\r\n\t\t\t<h2 class=\"w-blog-post-title\">\r\n\t\t\t\t<a class=\"entry-title\" rel=\"bookmark\" href=\"https:\/\/www.bbfrances.com\/?p=5619\">Feierabend mit BBFrances &#038; Band am Bahnhof Flawil! Dienstag 6. September, 18.00 Uhr<\/a>\r\n\t\t\t<\/h2>\r\n\t\t\t<div class=\"w-blog-post-meta\">\r\n\t\t\t\t<time class=\"w-blog-post-meta-date date updated\"><span class=\"w-blog-post-meta-date-month\">Sep<\/span><span class=\"w-blog-post-meta-date-day\">02<\/span><span class=\"w-blog-post-meta-date-year\">2022<\/span><\/time><span class=\"w-blog-post-meta-author vcard author hidden\"><a href=\"https:\/\/www.bbfrances.com\/?author=3\" class=\"fn\">Franziska Berger<\/a><\/span>\t\t\t<\/div>\r\n\t\t\t<div class=\"w-blog-post-content\">\r\n\t\t\t\tMail-Flyer-City-Oase-22Herunterladen\t\t\t<\/div>\r\n\t\t<\/div>\r\n\t<\/div>\r\n<\/article>\r\n\r\n\r\n\r\n<article class=\"w-blog-post allgemein post-5604 post type-post status-publish format-standard hentry category-allgemein\" data-id=\"5604\" data-categories=\"allgemein\">\r\n\t<div class=\"w-blog-post-h\">\r\n\t\t<div class=\"w-blog-post-body\">\r\n\t\t\t<h2 class=\"w-blog-post-title\">\r\n\t\t\t\t<a class=\"entry-title\" rel=\"bookmark\" href=\"https:\/\/www.bbfrances.com\/?p=5604\">BBFrances Live! &#8211; 5 Wort, Dis Lied<\/a>\r\n\t\t\t<\/h2>\r\n\t\t\t<div class=\"w-blog-post-meta\">\r\n\t\t\t\t<time class=\"w-blog-post-meta-date date updated\"><span class=\"w-blog-post-meta-date-month\">Jul<\/span><span class=\"w-blog-post-meta-date-day\">29<\/span><span class=\"w-blog-post-meta-date-year\">2022<\/span><\/time><span class=\"w-blog-post-meta-author vcard author hidden\"><a href=\"https:\/\/www.bbfrances.com\/?author=1\" class=\"fn\">Admin<\/a><\/span>\t\t\t<\/div>\r\n\t\t\t<div class=\"w-blog-post-content\">\r\n\t\t\t\thttps:\/\/youtu.be\/UxnEWSj8zts\t\t\t<\/div>\r\n\t\t<\/div>\r\n\t<\/div>\r\n<\/article>\r\n\r\n\r\n\r\n<article class=\"w-blog-post allgemein post-5590 post type-post status-publish format-standard hentry category-allgemein\" data-id=\"5590\" data-categories=\"allgemein\">\r\n\t<div class=\"w-blog-post-h\">\r\n\t\t<div class=\"w-blog-post-body\">\r\n\t\t\t<h2 class=\"w-blog-post-title\">\r\n\t\t\t\t<a class=\"entry-title\" rel=\"bookmark\" href=\"https:\/\/www.bbfrances.com\/?p=5590\">BBFrances &#038; Band im August 2022 auf Beizentour in Bischofszell<\/a>\r\n\t\t\t<\/h2>\r\n\t\t\t<div class=\"w-blog-post-meta\">\r\n\t\t\t\t<time class=\"w-blog-post-meta-date date updated\"><span class=\"w-blog-post-meta-date-month\">Jul<\/span><span class=\"w-blog-post-meta-date-day\">28<\/span><span class=\"w-blog-post-meta-date-year\">2022<\/span><\/time><span class=\"w-blog-post-meta-author vcard author hidden\"><a href=\"https:\/\/www.bbfrances.com\/?author=3\" class=\"fn\">Franziska Berger<\/a><\/span>\t\t\t<\/div>\r\n\t\t<\/div>\r\n\t<\/div>\r\n<\/article>\r\n\r\n\r\n\r\n<article class=\"w-blog-post allgemein post-5457 post type-post status-publish format-standard hentry category-allgemein\" data-id=\"5457\" data-categories=\"allgemein\">\r\n\t<div class=\"w-blog-post-h\">\r\n\t\t<div class=\"w-blog-post-body\">\r\n\t\t\t<h2 class=\"w-blog-post-title\">\r\n\t\t\t\t<a class=\"entry-title\" rel=\"bookmark\" href=\"https:\/\/www.bbfrances.com\/?p=5457\">Live im Circle<\/a>\r\n\t\t\t<\/h2>\r\n\t\t\t<div class=\"w-blog-post-meta\">\r\n\t\t\t\t<time class=\"w-blog-post-meta-date date updated\"><span class=\"w-blog-post-meta-date-month\">Apr<\/span><span class=\"w-blog-post-meta-date-day\">16<\/span><span class=\"w-blog-post-meta-date-year\">2022<\/span><\/time><span class=\"w-blog-post-meta-author vcard author hidden\"><a href=\"https:\/\/www.bbfrances.com\/?author=1\" class=\"fn\">Admin<\/a><\/span>\t\t\t<\/div>\r\n\t\t\t<div class=\"w-blog-post-content\">\r\n\t\t\t\t<p>15.- 18. April<\/p>\n\t\t\t<\/div>\r\n\t\t<\/div>\r\n\t<\/div>\r\n<\/article>\r\n\r\n<\/div><\/div><\/div><\/div><\/div><\/div><\/section><section class=\"l-section wpb_row height_auto\" id=\"kontakt\" style=\"border-bottom-width: 5px !important;padding-top: 8em !important;border-bottom-color: #ef7884 !important;border-bottom-style: solid !important;\"><div class=\"l-section-h i-cf\"><div class=\"g-cols offset_small valign_bottom\"><div class=\"vc_col-sm-6 wpb_column vc_column_container\"><div class=\"vc_column-inner\"><div class=\"wpb_text_column \"><div class=\"wpb_wrapper\">\n<h2 class=\"letter-spacing\"><b>KONTAKT<\/b>\u00a0<span style=\"color: #ff6699;\"><sup>\u2022<\/sup><\/span><strong><span class=\"highlight highlight_primary\"><br \/>\n<\/span><\/strong><\/h2>\n<\/div> <\/div> <div class=\"wpb_text_column \"><div class=\"wpb_wrapper\"><p>Hast Du Fragen oder m\u00f6chtest mich f\u00fcr deinen n\u00e4chsten Anlass buchen? Kontakt ausf\u00fcllen und auf senden dr\u00fccken. Ich melde mich gerne bei Dir!<\/p><\/div> <\/div> [vc_empty_space height=&#187;18px&#187;]<div role=\"form\" class=\"wpcf7\" id=\"wpcf7-f8-o1\" lang=\"de-DE\" dir=\"ltr\">\n<div class=\"screen-reader-response\"><p role=\"status\" aria-live=\"polite\" aria-atomic=\"true\"><\/p> <ul><\/ul><\/div>\n<form action=\"\/index.php?rest_route=%2Fwp%2Fv2%2Fpages%2F4217#wpcf7-f8-o1\" method=\"post\" class=\"wpcf7-form init\" novalidate=\"novalidate\" data-status=\"init\">\n<div style=\"display: none;\">\n<input type=\"hidden\" name=\"_wpcf7\" value=\"8\" \/>\n<input type=\"hidden\" name=\"_wpcf7_version\" value=\"5.6.4\" \/>\n<input type=\"hidden\" name=\"_wpcf7_locale\" value=\"de_DE\" \/>\n<input type=\"hidden\" name=\"_wpcf7_unit_tag\" value=\"wpcf7-f8-o1\" \/>\n<input type=\"hidden\" name=\"_wpcf7_container_post\" value=\"0\" \/>\n<input type=\"hidden\" name=\"_wpcf7_posted_data_hash\" value=\"\" \/>\n<\/div>\n<p class=\"w-form-row-field\"><span class=\"wpcf7-form-control-wrap\" data-name=\"your-name\"><input type=\"text\" name=\"your-name\" value=\"\" size=\"40\" class=\"wpcf7-form-control wpcf7-text wpcf7-validates-as-required\" aria-required=\"true\" aria-invalid=\"false\" placeholder=\"Name\" \/><\/span> <\/p>\n<p><span class=\"wpcf7-form-control-wrap\" data-name=\"your-subject\"><input type=\"text\" name=\"your-subject\" value=\"\" size=\"40\" class=\"wpcf7-form-control wpcf7-text wpcf7-validates-as-required\" aria-required=\"true\" aria-invalid=\"false\" placeholder=\"Betreff\" \/><\/span> <\/p>\n<p><span class=\"wpcf7-form-control-wrap\" data-name=\"your-email\"><input type=\"email\" name=\"your-email\" value=\"\" size=\"40\" class=\"wpcf7-form-control wpcf7-text wpcf7-email wpcf7-validates-as-required wpcf7-validates-as-email\" aria-required=\"true\" aria-invalid=\"false\" placeholder=\"E-Mail-Adresse\" \/><\/span> <\/p>\n<p><span class=\"wpcf7-form-control-wrap\" data-name=\"your-message\"><textarea name=\"your-message\" cols=\"40\" rows=\"10\" class=\"wpcf7-form-control wpcf7-textarea wpcf7-validates-as-required\" aria-required=\"true\" aria-invalid=\"false\" placeholder=\"Nachricht\"><\/textarea><\/span> <\/p>\n<p>[honeypot age]<\/p>\n<p><span class=\"wpcf7-form-control-wrap\" data-name=\"capital-quiz\"><label><span class=\"wpcf7-quiz-label\">Welches ist die Hauptstadt der Schweiz?<\/span> <input type=\"text\" name=\"capital-quiz\" size=\"40\" class=\"wpcf7-form-control wpcf7-quiz\" id=\"qatest\" autocomplete=\"off\" aria-required=\"true\" aria-invalid=\"false\" \/><\/label><input type=\"hidden\" name=\"_wpcf7_quiz_answer_capital-quiz\" value=\"b05ea5ee54f85b3346f5e4e3b2d4e5a3\" \/><\/span><\/p>\n<p><input type=\"submit\" value=\"Nachricht senden\" class=\"wpcf7-form-control has-spinner wpcf7-submit ghostButton\" \/><\/p>\n<div class=\"wpcf7-response-output\" aria-hidden=\"true\"><\/div><\/form><\/div>[vc_empty_space height=&#187;100px&#187;]<\/div><\/div><div class=\"vc_col-sm-6 wpb_column vc_column_container\"><div class=\"vc_column-inner\"><div class=\"w-image align_center\"><div class=\"us-frame\"><img width=\"596\" height=\"689\" src=\"https:\/\/www.bbfrances.com\/bbf\/wp-content\/uploads\/2016\/06\/1.jpg\" class=\"attachment-full size-full\" alt=\"\" loading=\"lazy\" srcset=\"https:\/\/www.bbfrances.com\/bbf\/wp-content\/uploads\/2016\/06\/1.jpg 596w, https:\/\/www.bbfrances.com\/bbf\/wp-content\/uploads\/2016\/06\/1-260x300.jpg 260w\" sizes=\"(max-width: 596px) 100vw, 596px\" \/><\/div><\/div><\/div><\/div><\/div><\/div><\/section>\n","protected":false},"excerpt":{"rendered":"15.- 18. April","protected":false},"author":1,"featured_media":0,"parent":0,"menu_order":0,"comment_status":"closed","ping_status":"closed","template":"","meta":[],"_links":{"self":[{"href":"https:\/\/www.bbfrances.com\/index.php?rest_route=\/wp\/v2\/pages\/4217"}],"collection":[{"href":"https:\/\/www.bbfrances.com\/index.php?rest_route=\/wp\/v2\/pages"}],"about":[{"href":"https:\/\/www.bbfrances.com\/index.php?rest_route=\/wp\/v2\/types\/page"}],"author":[{"embeddable":true,"href":"https:\/\/www.bbfrances.com\/index.php?rest_route=\/wp\/v2\/users\/1"}],"replies":[{"embeddable":true,"href":"https:\/\/www.bbfrances.com\/index.php?rest_route=%2Fwp%2Fv2%2Fcomments&post=4217"}],"version-history":[{"count":698,"href":"https:\/\/www.bbfrances.com\/index.php?rest_route=\/wp\/v2\/pages\/4217\/revisions"}],"predecessor-version":[{"id":5603,"href":"https:\/\/www.bbfrances.com\/index.php?rest_route=\/wp\/v2\/pages\/4217\/revisions\/5603"}],"wp:attachment":[{"href":"https:\/\/www.bbfrances.com\/index.php?rest_route=%2Fwp%2Fv2%2Fmedia&parent=4217"}],"curies":[{"name":"wp","href":"https:\/\/api.w.org\/{rel}","templated":true}]}}